
{"id":2,"date":"2010-02-15T18:43:48","date_gmt":"2010-02-15T18:43:48","guid":{"rendered":"https:\/\/mercedesbend.com\/?page_id=2"},"modified":"2019-04-05T22:10:31","modified_gmt":"2019-04-05T22:10:31","slug":"about","status":"publish","type":"page","link":"https:\/\/mercedesbend.com\/","title":{"rendered":"info"},"content":{"rendered":"<div class=\"epyt-gallery\" data-currpage=\"1\" id=\"epyt_gallery_18709\"><div class=\"epyt-video-wrapper\"><iframe loading=\"lazy\"  id=\"_ytid_26892\"  width=\"480\" height=\"270\"  data-origwidth=\"480\" data-origheight=\"270\" src=\"https:\/\/www.youtube.com\/embed\/tYodoaoFv6M?enablejsapi=1&autoplay=0&cc_load_policy=0&cc_lang_pref=&iv_load_policy=1&loop=0&rel=0&fs=1&playsinline=1&autohide=2&theme=dark&color=red&controls=1&disablekb=0&\" class=\"__youtube_prefs__  no-lazyload\" data-vol=\"50\"  title=\"YouTube player\"  data-epytgalleryid=\"epyt_gallery_18709\"  allow=\"fullscreen; accelerometer; autoplay; clipboard-write; encrypted-media; gyroscope; picture-in-picture; web-share\" referrerpolicy=\"strict-origin-when-cross-origin\" allowfullscreen data-no-lazy=\"1\" data-skipgform_ajax_framebjll=\"\"><\/iframe><\/div><div class=\"epyt-gallery-list\"><div class=\"epyt-pagination \"><div tabindex=\"0\" role=\"button\" class=\"epyt-pagebutton epyt-prev  hide \" data-playlistid=\"UUTSKbLTmUIebPaaeVUaWZdg\" data-pagesize=\"4\" data-pagetoken=\"\" data-epcolumns=\"4\" data-showtitle=\"1\" data-showpaging=\"1\" data-autonext=\"0\" data-thumbplay=\"1\"><div class=\"epyt-arrow\">&laquo;<\/div> <div>Prev<\/div><\/div><div class=\"epyt-pagenumbers \"><div class=\"epyt-current\">1<\/div><div class=\"epyt-pageseparator\"> \/ <\/div><div class=\"epyt-totalpages\">5<\/div><\/div><div tabindex=\"0\" role=\"button\" class=\"epyt-pagebutton epyt-next\" data-playlistid=\"UUTSKbLTmUIebPaaeVUaWZdg\" data-pagesize=\"4\" data-pagetoken=\"EAAaHlBUOkNBUWlFREE1TURjNU5rRTNOVVF4TlRNNU16SQ\" data-epcolumns=\"4\" data-showtitle=\"1\" data-showpaging=\"1\" data-autonext=\"0\" data-thumbplay=\"1\"><div>Next<\/div> <div class=\"epyt-arrow\">&raquo;<\/div><\/div><div class=\"epyt-loader\"><img loading=\"lazy\" decoding=\"async\" alt=\"loading\" width=\"16\" height=\"11\" src=\"https:\/\/mercedesbend.com\/wp-content\/plugins\/youtube-embed-plus\/images\/gallery-page-loader.gif\"><\/div><\/div><div class=\"epyt-gallery-allthumbs  epyt-cols-4 \"><div tabindex=\"0\" role=\"button\" data-videoid=\"tYodoaoFv6M\" class=\"epyt-gallery-thumb\"><div class=\"epyt-gallery-img-box\"><div class=\"epyt-gallery-img\" style=\"background-image: url(https:\/\/i.ytimg.com\/vi\/tYodoaoFv6M\/hqdefault.jpg)\"><div class=\"epyt-gallery-playhover\"><img loading=\"lazy\" decoding=\"async\" alt=\"play\" class=\"epyt-play-img\" width=\"30\" height=\"23\" src=\"https:\/\/mercedesbend.com\/wp-content\/plugins\/youtube-embed-plus\/images\/playhover.png\" data-no-lazy=\"1\" data-skipgform_ajax_framebjll=\"\" \/><div class=\"epyt-gallery-playcrutch\"><\/div><\/div><\/div><\/div><div class=\"epyt-gallery-title\">Lepi Moj - Tamara \u017de\u017eelj &amp; Mercedes Bend<\/div><\/div><div tabindex=\"0\" role=\"button\" data-videoid=\"juCSjoLsK9o\" class=\"epyt-gallery-thumb\"><div class=\"epyt-gallery-img-box\"><div class=\"epyt-gallery-img\" style=\"background-image: url(https:\/\/i.ytimg.com\/vi\/juCSjoLsK9o\/hqdefault.jpg)\"><div class=\"epyt-gallery-playhover\"><img loading=\"lazy\" decoding=\"async\" alt=\"play\" class=\"epyt-play-img\" width=\"30\" height=\"23\" src=\"https:\/\/mercedesbend.com\/wp-content\/plugins\/youtube-embed-plus\/images\/playhover.png\" data-no-lazy=\"1\" data-skipgform_ajax_framebjll=\"\" \/><div class=\"epyt-gallery-playcrutch\"><\/div><\/div><\/div><\/div><div class=\"epyt-gallery-title\">MERCEDES BEND BEOGRAD sweet ch<\/div><\/div><div tabindex=\"0\" role=\"button\" data-videoid=\"05GJviTMvtw\" class=\"epyt-gallery-thumb\"><div class=\"epyt-gallery-img-box\"><div class=\"epyt-gallery-img\" style=\"background-image: url(https:\/\/i.ytimg.com\/vi\/05GJviTMvtw\/hqdefault.jpg)\"><div class=\"epyt-gallery-playhover\"><img loading=\"lazy\" decoding=\"async\" alt=\"play\" class=\"epyt-play-img\" width=\"30\" height=\"23\" src=\"https:\/\/mercedesbend.com\/wp-content\/plugins\/youtube-embed-plus\/images\/playhover.png\" data-no-lazy=\"1\" data-skipgform_ajax_framebjll=\"\" \/><div class=\"epyt-gallery-playcrutch\"><\/div><\/div><\/div><\/div><div class=\"epyt-gallery-title\">MERCEDES BEND beograd wlto<\/div><\/div><div tabindex=\"0\" role=\"button\" data-videoid=\"n4bpCJVS68Y\" class=\"epyt-gallery-thumb\"><div class=\"epyt-gallery-img-box\"><div class=\"epyt-gallery-img\" style=\"background-image: url(https:\/\/i.ytimg.com\/vi\/n4bpCJVS68Y\/hqdefault.jpg)\"><div class=\"epyt-gallery-playhover\"><img loading=\"lazy\" decoding=\"async\" alt=\"play\" class=\"epyt-play-img\" width=\"30\" height=\"23\" src=\"https:\/\/mercedesbend.com\/wp-content\/plugins\/youtube-embed-plus\/images\/playhover.png\" data-no-lazy=\"1\" data-skipgform_ajax_framebjll=\"\" \/><div class=\"epyt-gallery-playcrutch\"><\/div><\/div><\/div><\/div><div class=\"epyt-gallery-title\">MERCEDES.BEND.what a..<\/div><\/div><div class=\"epyt-gallery-rowbreak\"><\/div><div class=\"epyt-gallery-clear\"><\/div><\/div><div class=\"epyt-pagination \"><div tabindex=\"0\" role=\"button\" class=\"epyt-pagebutton epyt-prev  hide \" data-playlistid=\"UUTSKbLTmUIebPaaeVUaWZdg\" data-pagesize=\"4\" data-pagetoken=\"\" data-epcolumns=\"4\" data-showtitle=\"1\" data-showpaging=\"1\" data-autonext=\"0\" data-thumbplay=\"1\"><div class=\"epyt-arrow\">&laquo;<\/div> <div>Prev<\/div><\/div><div class=\"epyt-pagenumbers \"><div class=\"epyt-current\">1<\/div><div class=\"epyt-pageseparator\"> \/ <\/div><div class=\"epyt-totalpages\">5<\/div><\/div><div tabindex=\"0\" role=\"button\" class=\"epyt-pagebutton epyt-next\" data-playlistid=\"UUTSKbLTmUIebPaaeVUaWZdg\" data-pagesize=\"4\" data-pagetoken=\"EAAaHlBUOkNBUWlFREE1TURjNU5rRTNOVVF4TlRNNU16SQ\" data-epcolumns=\"4\" data-showtitle=\"1\" data-showpaging=\"1\" data-autonext=\"0\" data-thumbplay=\"1\"><div>Next<\/div> <div class=\"epyt-arrow\">&raquo;<\/div><\/div><div class=\"epyt-loader\"><img loading=\"lazy\" decoding=\"async\" alt=\"loading\" width=\"16\" height=\"11\" src=\"https:\/\/mercedesbend.com\/wp-content\/plugins\/youtube-embed-plus\/images\/gallery-page-loader.gif\"><\/div><\/div><\/div><\/div>\n<h2>Mercedes Bend<\/h2>\n<p><strong>Beogradski bend &#8211; &#8221;Mercedes Bend&#8221; broji pet \u010dlanova: peva\u010d\u008dica, peva\u010d\u008d, gitarista, klavijaturista i bubnjar. Repertoar koji Mercedes Bend izvodi je me\u0161avina jazz i latino standarda, stranog i doma\u0107\u0087eg pop-roka, YU nostalgije. Sastav nastupa petnaest godina u svim beogradskim klubovima gde se organizuju \u017eive svirke.<\/strong><\/p>\n<p><strong>KLUBOVI: Cinema, Hyatt Elingtons, Metropoliten, Kristal, Reka, Sinatra, Plato, Que Pasa, Lava bar, Blay Watch, Grand Casino, Prestige, Verige, Trezor, Stupica, Jahting klub, Sava Centar, Kalemegdanska terasa, Hrabro srce, Casino Maestral, Gauchosi, Amsterdam, F6, Teatro, Magacin, Super Space, Ada, Godo, Easy, Admiral, President-Kovilovo, Amsterdam, Pastuv, Vila Jelena, Cantina de Frida, XL, Mr. Stefan Braun garden, Mr. Stefan Braun&#8230;<\/strong><\/p>\n<p><strong>FIRME: Atlantic Grupa, Osa, Omv, Telekom, Telenor, U. S. Steel Serbia, East Point, Hypo, Ball Packening, RTS, Toyota, Mercedes Benz, Pink, Grand Produkcija, ITM, Uni Credit Bank, New Moment, AVC, EFG, Eco YU, Soko \u0160tark, Media S, Mobtel, S lizing, Pacom, Rottary Club, Energo Data, Communis, Mccann Erickson, Alcatel, Intesa, Delta, Petrohemija, Vele Tabak, Coca Cola, Amstel, Fiat, EPS, HP\u00a0su neki od na\u0161ih stalnih klijenata.<\/strong><\/p>\n<p><strong>VEN\u010c\u008cANJA: Preko 300<\/strong><strong> ven\u010danja smo uspe\u0161no ispratili. Repertoar kompozicija koje izvodimo na ven\u010danjima je raznovrstan. Zbog toga lako posti\u017eemo dobru atmosferu i na ven\u00c4\u008danjima na kojima se nalaze gosti najrazli\u010d\u008ditijih profila i godina.<\/strong><\/p>\n<p><strong>DOGA\u0110AJI: Prijem u Belom Dvoru, novogodi\u0161nja proslava Hyatt Metropoliten, Prestolonaslednikov rodjendan, kongres Evropskih bankara&#8230; su neki od dogadjaja na kojima smo svirali, u klubovima smo imali oko 3000 nastupa.<\/strong><\/p>\n<p><strong>U pauzama muzicki program popunjava DJ, tako da se ne gubi na intezitetu i atmosferi.<\/strong><\/p>\n<p><strong>Podrazumeva se da donosimo svoje instrumente, i kompletnu audio opremu za adekvatno ozvu\u010davanje prostora (ozvu\u010denje, mixetu, zvu\u010dnike, monitore, kabla\u017eu, cd player, mikrofone, stalke&#8230;).<\/strong><\/p>\n<p><strong>Postoji i program profesionalne koncertne rasvete: light &#8211; show, robo glave, skeneri, laseri. Program rasvete nije ura\u010d\u008dunat u cenu osnovne ponude tehnike.<\/strong><\/p>\n<p><strong>S po\u0161tovanjem,<\/strong><\/p>\n<p><strong>Mercedes Bend<\/strong><\/p>\n","protected":false},"excerpt":{"rendered":"<p>Mercedes Bend Beogradski bend &#8211; &#8221;Mercedes Bend&#8221; broji pet \u010dlanova: peva\u010d\u008dica, peva\u010d\u008d, gitarista, klavijaturista i bubnjar. Repertoar koji Mercedes Bend izvodi je me\u0161avina jazz i latino standarda, stranog i doma\u0107\u0087eg pop-roka, YU nostalgije. Sastav nastupa petnaest godina u svim beogradskim klubovima gde se organizuju \u017eive svirke. KLUBOVI: Cinema, Hyatt Elingtons, Metropoliten, Kristal, Reka, Sinatra, Plato, [&hellip;]<\/p>\n","protected":false},"author":1,"featured_media":0,"parent":0,"menu_order":1,"comment_status":"closed","ping_status":"closed","template":"","meta":{"footnotes":""},"class_list":["post-2","page","type-page","status-publish","hentry"],"_links":{"self":[{"href":"https:\/\/mercedesbend.com\/index.php?rest_route=\/wp\/v2\/pages\/2","targetHints":{"allow":["GET"]}}],"collection":[{"href":"https:\/\/mercedesbend.com\/index.php?rest_route=\/wp\/v2\/pages"}],"about":[{"href":"https:\/\/mercedesbend.com\/index.php?rest_route=\/wp\/v2\/types\/page"}],"author":[{"embeddable":true,"href":"https:\/\/mercedesbend.com\/index.php?rest_route=\/wp\/v2\/users\/1"}],"replies":[{"embeddable":true,"href":"https:\/\/mercedesbend.com\/index.php?rest_route=%2Fwp%2Fv2%2Fcomments&post=2"}],"version-history":[{"count":27,"href":"https:\/\/mercedesbend.com\/index.php?rest_route=\/wp\/v2\/pages\/2\/revisions"}],"predecessor-version":[{"id":223,"href":"https:\/\/mercedesbend.com\/index.php?rest_route=\/wp\/v2\/pages\/2\/revisions\/223"}],"wp:attachment":[{"href":"https:\/\/mercedesbend.com\/index.php?rest_route=%2Fwp%2Fv2%2Fmedia&parent=2"}],"curies":[{"name":"wp","href":"https:\/\/api.w.org\/{rel}","templated":true}]}}